{"id":616,"date":"2022-11-14T14:59:57","date_gmt":"2022-11-14T13:59:57","guid":{"rendered":"https:\/\/bioced.com\/biokon-en\/"},"modified":"2022-11-16T13:12:54","modified_gmt":"2022-11-16T12:12:54","slug":"biokon","status":"publish","type":"page","link":"https:\/\/bioced.com\/fr\/biokon\/","title":{"rendered":"Biokon"},"content":{"rendered":"\t\t<div data-elementor-type=\"wp-page\" data-elementor-id=\"616\" class=\"elementor elementor-616 elementor-546\">\n\t\t\t\t\t\t<section class=\"elementor-section elementor-top-section elementor-element elementor-element-a33d088 elementor-section-full_width elementor-section-height-min-height elementor-section-stretched elementor-section-height-default elementor-section-items-middle\" data-id=\"a33d088\" data-element_type=\"section\" data-settings=\"{&quot;stretch_section&quot;:&quot;section-stretched&quot;,&quot;background_background&quot;:&quot;classic&quot;}\">\n\t\t\t\t\t\t<div class=\"elementor-container elementor-column-gap-default\">\n\t\t\t\t\t<div class=\"elementor-column elementor-col-100 elementor-top-column elementor-element elementor-element-18363b7\" data-id=\"18363b7\" data-element_type=\"column\">\n\t\t\t<div class=\"elementor-widget-wrap elementor-element-populated\">\n\t\t\t\t\t\t<div class=\"elementor-element elementor-element-a4750be elementor-widget elementor-widget-heading\" data-id=\"a4750be\" data-element_type=\"widget\" data-widget_type=\"heading.default\">\n\t\t\t\t<div class=\"elementor-widget-container\">\n\t\t\t\t\t<h2 class=\"elementor-heading-title elementor-size-default\">CONTR\u00d4LE D\u2019ODEUR &amp;<br>\nNETTOYAGE<\/h2>\t\t\t\t<\/div>\n\t\t\t\t<\/div>\n\t\t\t\t\t<\/div>\n\t\t<\/div>\n\t\t\t\t\t<\/div>\n\t\t<\/section>\n\t\t\t\t<section class=\"elementor-section elementor-top-section elementor-element elementor-element-18034f2 elementor-section-boxed elementor-section-height-default elementor-section-height-default\" data-id=\"18034f2\" data-element_type=\"section\">\n\t\t\t\t\t\t<div class=\"elementor-container elementor-column-gap-default\">\n\t\t\t\t\t<div class=\"elementor-column elementor-col-100 elementor-top-column elementor-element elementor-element-d0bd611\" data-id=\"d0bd611\" data-element_type=\"column\">\n\t\t\t<div class=\"elementor-widget-wrap elementor-element-populated\">\n\t\t\t\t\t\t<div class=\"elementor-element elementor-element-246c870 elementor-widget elementor-widget-heading\" data-id=\"246c870\" data-element_type=\"widget\" data-widget_type=\"heading.default\">\n\t\t\t\t<div class=\"elementor-widget-container\">\n\t\t\t\t\t<h2 class=\"elementor-heading-title elementor-size-default\">BIOKON C\u00c8DRE BLANC DU NORD &amp; BIOKON SAPIN BAUMIER DU NORD<\/h2>\t\t\t\t<\/div>\n\t\t\t\t<\/div>\n\t\t\t\t<div class=\"elementor-element elementor-element-3cbc24b elementor-widget elementor-widget-text-editor\" data-id=\"3cbc24b\" data-element_type=\"widget\" data-widget_type=\"text-editor.default\">\n\t\t\t\t<div class=\"elementor-widget-container\">\n\t\t\t\t\t\t\t\t\t<p class=\"font_8\" style=\"text-align: center;\">La gamme BIOKON a \u00e9t\u00e9 d\u00e9velopp\u00e9e pour \u00e9liminer les odeurs d\u00e9sagr\u00e9ables et nettoyer des planchers, poubelles, r\u00e9servoirs, bacs bruns, etc. ainsi que pour les nettoyer. Utilis\u00e9e par les entreprises de nettoyage professionnelles, elle est appliqu\u00e9e dans les environnements divers, dont industriels, commerciaux et r\u00e9sidentiels.<span class=\"wixGuard\">\u200b<\/span><\/p><p class=\"font_8\" style=\"text-align: center;\">BIOKON est compos\u00e9 \u00e0 100% d&rsquo;ingr\u00e9dients purs et naturels, tels que des huiles essentielles et des eaux florales. Elles \u00a0sont reconnues pour leurs propri\u00e9t\u00e9s antibact\u00e9riennes et antifongiques. BIOKON est 100% biod\u00e9gradable.<\/p>\t\t\t\t\t\t\t\t<\/div>\n\t\t\t\t<\/div>\n\t\t\t\t\t<\/div>\n\t\t<\/div>\n\t\t\t\t\t<\/div>\n\t\t<\/section>\n\t\t\t\t<section class=\"elementor-section elementor-top-section elementor-element elementor-element-ade6e23 elementor-section-boxed elementor-section-height-default elementor-section-height-default\" data-id=\"ade6e23\" data-element_type=\"section\">\n\t\t\t\t\t\t<div class=\"elementor-container elementor-column-gap-default\">\n\t\t\t\t\t<div class=\"elementor-column elementor-col-100 elementor-top-column elementor-element elementor-element-e292661\" data-id=\"e292661\" data-element_type=\"column\">\n\t\t\t<div class=\"elementor-widget-wrap elementor-element-populated\">\n\t\t\t\t\t\t<div class=\"elementor-element elementor-element-4b94940 h2 centered elementor-widget elementor-widget-heading\" data-id=\"4b94940\" data-element_type=\"widget\" data-widget_type=\"heading.default\">\n\t\t\t\t<div class=\"elementor-widget-container\">\n\t\t\t\t\t<h2 class=\"elementor-heading-title elementor-size-default\">APPLICATION DU PRODUIT<\/h2>\t\t\t\t<\/div>\n\t\t\t\t<\/div>\n\t\t\t\t\t<\/div>\n\t\t<\/div>\n\t\t\t\t\t<\/div>\n\t\t<\/section>\n\t\t\t\t<section class=\"elementor-section elementor-top-section elementor-element elementor-element-3aeff36 elementor-section-content-top elementor-section-boxed elementor-section-height-default elementor-section-height-default\" data-id=\"3aeff36\" data-element_type=\"section\">\n\t\t\t\t\t\t<div class=\"elementor-container elementor-column-gap-default\">\n\t\t\t\t\t<div class=\"elementor-column elementor-col-50 elementor-top-column elementor-element elementor-element-949a55c\" data-id=\"949a55c\" data-element_type=\"column\">\n\t\t\t<div class=\"elementor-widget-wrap elementor-element-populated\">\n\t\t\t\t\t\t<div class=\"elementor-element elementor-element-e3853ba elementor-widget elementor-widget-image\" data-id=\"e3853ba\" data-element_type=\"widget\" data-widget_type=\"image.default\">\n\t\t\t\t<div class=\"elementor-widget-container\">\n\t\t\t\t\t\t\t\t\t\t\t\t\t\t\t<img fetchpriority=\"high\" decoding=\"async\" width=\"217\" height=\"328\" src=\"https:\/\/bioced.com\/wp-content\/uploads\/2022\/11\/d86d9e_197e63937dce4ccf9ad37137113a623f_mv2.jpg\" class=\"attachment-medium_large size-medium_large wp-image-568\" alt=\"BIOKON\" srcset=\"https:\/\/bioced.com\/wp-content\/uploads\/2022\/11\/d86d9e_197e63937dce4ccf9ad37137113a623f_mv2.jpg 217w, https:\/\/bioced.com\/wp-content\/uploads\/2022\/11\/d86d9e_197e63937dce4ccf9ad37137113a623f_mv2-198x300.jpg 198w, https:\/\/bioced.com\/wp-content\/uploads\/2022\/11\/d86d9e_197e63937dce4ccf9ad37137113a623f_mv2-97x146.jpg 97w, https:\/\/bioced.com\/wp-content\/uploads\/2022\/11\/d86d9e_197e63937dce4ccf9ad37137113a623f_mv2-33x50.jpg 33w, https:\/\/bioced.com\/wp-content\/uploads\/2022\/11\/d86d9e_197e63937dce4ccf9ad37137113a623f_mv2-50x75.jpg 50w\" sizes=\"(max-width:767px) 217px, 217px\" \/>\t\t\t\t\t\t\t\t\t\t\t\t\t\t\t<\/div>\n\t\t\t\t<\/div>\n\t\t\t\t\t<\/div>\n\t\t<\/div>\n\t\t\t\t<div class=\"elementor-column elementor-col-50 elementor-top-column elementor-element elementor-element-7c272bf\" data-id=\"7c272bf\" data-element_type=\"column\">\n\t\t\t<div class=\"elementor-widget-wrap elementor-element-populated\">\n\t\t\t\t\t\t<div class=\"elementor-element elementor-element-733814b elementor-widget elementor-widget-text-editor\" data-id=\"733814b\" data-element_type=\"widget\" data-widget_type=\"text-editor.default\">\n\t\t\t\t<div class=\"elementor-widget-container\">\n\t\t\t\t\t\t\t\t\t<p>L&rsquo;application du produit d\u00e9pend de la concentration d&rsquo;odeur \u00e0 traiter et de l&rsquo;environnement dans lequel il est utilis\u00e9. Les produits de la gamme BIOKON sont \u00e0 diluer avant leur utilisation.<\/p>\t\t\t\t\t\t\t\t<\/div>\n\t\t\t\t<\/div>\n\t\t\t\t<div class=\"elementor-element elementor-element-c721246 elementor-widget elementor-widget-image\" data-id=\"c721246\" data-element_type=\"widget\" data-widget_type=\"image.default\">\n\t\t\t\t<div class=\"elementor-widget-container\">\n\t\t\t\t\t\t\t\t\t\t\t\t\t\t\t<img decoding=\"async\" width=\"429\" height=\"405\" src=\"https:\/\/bioced.com\/wp-content\/uploads\/2022\/11\/biokon.webp\" class=\"attachment-large size-large wp-image-749\" alt=\"biokon\" srcset=\"https:\/\/bioced.com\/wp-content\/uploads\/2022\/11\/biokon.webp 429w, https:\/\/bioced.com\/wp-content\/uploads\/2022\/11\/biokon-300x283.webp 300w, https:\/\/bioced.com\/wp-content\/uploads\/2022\/11\/biokon-155x146.webp 155w, https:\/\/bioced.com\/wp-content\/uploads\/2022\/11\/biokon-50x47.webp 50w, https:\/\/bioced.com\/wp-content\/uploads\/2022\/11\/biokon-79x75.webp 79w\" sizes=\"(max-width:767px) 429px, 429px\" \/>\t\t\t\t\t\t\t\t\t\t\t\t\t\t\t<\/div>\n\t\t\t\t<\/div>\n\t\t\t\t\t<\/div>\n\t\t<\/div>\n\t\t\t\t\t<\/div>\n\t\t<\/section>\n\t\t\t\t<section class=\"elementor-section elementor-top-section elementor-element elementor-element-174458a elementor-section-boxed elementor-section-height-default elementor-section-height-default\" data-id=\"174458a\" data-element_type=\"section\">\n\t\t\t\t\t\t<div class=\"elementor-container elementor-column-gap-default\">\n\t\t\t\t\t<div class=\"elementor-column elementor-col-100 elementor-top-column elementor-element elementor-element-266d8d0f\" data-id=\"266d8d0f\" data-element_type=\"column\">\n\t\t\t<div class=\"elementor-widget-wrap elementor-element-populated\">\n\t\t\t\t\t\t<div class=\"elementor-element elementor-element-1ba4532d h2 centered elementor-widget elementor-widget-heading\" data-id=\"1ba4532d\" data-element_type=\"widget\" data-widget_type=\"heading.default\">\n\t\t\t\t<div class=\"elementor-widget-container\">\n\t\t\t\t\t<h2 class=\"elementor-heading-title elementor-size-default\">CONTACT<\/h2>\t\t\t\t<\/div>\n\t\t\t\t<\/div>\n\t\t\t\t<div class=\"elementor-element elementor-element-4adc26d0 elementor-widget elementor-widget-google_maps\" data-id=\"4adc26d0\" data-element_type=\"widget\" data-widget_type=\"google_maps.default\">\n\t\t\t\t<div class=\"elementor-widget-container\">\n\t\t\t\t\t\t\t<div class=\"elementor-custom-embed\">\n\t\t\t<iframe loading=\"lazy\"\n\t\t\t\t\tsrc=\"https:\/\/maps.google.com\/maps?q=76%20Rue%20Omer-DeSerres%2C%20Blainville%2C%20QC%20J7C%200A3%2C%20Canada&#038;t=m&#038;z=10&#038;output=embed&#038;iwloc=near\"\n\t\t\t\t\ttitle=\"76 Rue Omer-DeSerres, Blainville, QC J7C 0A3, Canada\"\n\t\t\t\t\taria-label=\"76 Rue Omer-DeSerres, Blainville, QC J7C 0A3, Canada\"\n\t\t\t><\/iframe>\n\t\t<\/div>\n\t\t\t\t\t\t<\/div>\n\t\t\t\t<\/div>\n\t\t\t\t<section class=\"elementor-section elementor-inner-section elementor-element elementor-element-762a5e2 elementor-section-boxed elementor-section-height-default elementor-section-height-default\" data-id=\"762a5e2\" data-element_type=\"section\">\n\t\t\t\t\t\t<div class=\"elementor-container elementor-column-gap-default\">\n\t\t\t\t\t<div class=\"elementor-column elementor-col-50 elementor-inner-column elementor-element elementor-element-883565c\" data-id=\"883565c\" data-element_type=\"column\">\n\t\t\t<div class=\"elementor-widget-wrap elementor-element-populated\">\n\t\t\t\t\t\t<div class=\"elementor-element elementor-element-9dbdbac elementor-widget elementor-widget-text-editor\" data-id=\"9dbdbac\" data-element_type=\"widget\" data-widget_type=\"text-editor.default\">\n\t\t\t\t<div class=\"elementor-widget-container\">\n\t\t\t\t\t\t\t\t\t<h4><strong>Demande d&rsquo;information<\/strong><\/h4>\n<p>Pour toute demande, question ou commentaire, appelez au 450-434-7512 ou remplissez le formulaire\nci-dessous<\/p>\n\n\n<div class=\"wpcf7 no-js\" id=\"wpcf7-f359-o1\" lang=\"fr-FR\" dir=\"ltr\" data-wpcf7-id=\"359\">\n<div class=\"screen-reader-response\"><p role=\"status\" aria-live=\"polite\" aria-atomic=\"true\"><\/p> <ul><\/ul><\/div>\n<form action=\"\/fr\/wp-json\/wp\/v2\/pages\/616#wpcf7-f359-o1\" method=\"post\" class=\"wpcf7-form init\" aria-label=\"Formulaire de contact\" novalidate=\"novalidate\" data-status=\"init\">\n<fieldset class=\"hidden-fields-container\"><input type=\"hidden\" name=\"_wpcf7\" value=\"359\" \/><input type=\"hidden\" name=\"_wpcf7_version\" value=\"6.1.4\" \/><input type=\"hidden\" name=\"_wpcf7_locale\" value=\"fr_FR\" \/><input type=\"hidden\" name=\"_wpcf7_unit_tag\" value=\"wpcf7-f359-o1\" \/><input type=\"hidden\" name=\"_wpcf7_container_post\" value=\"0\" \/><input type=\"hidden\" name=\"_wpcf7_posted_data_hash\" value=\"\" \/><input type=\"hidden\" name=\"_wpcf7_recaptcha_response\" value=\"\" \/>\n<\/fieldset>\n<div class=\"row\">\n\t<div class=\"form-group\">\n\t\t<p><label>Full name* :<\/label><span class=\"wpcf7-form-control-wrap\" data-name=\"full-name\"><input size=\"40\" maxlength=\"400\" class=\"wpcf7-form-control wpcf7-text wpcf7-validates-as-required\" aria-required=\"true\" aria-invalid=\"false\" value=\"\" type=\"text\" name=\"full-name\" \/><\/span>\n\t\t<\/p>\n\t<\/div>\n<\/div>\n<div class=\"row\">\n\t<div class=\"form-group\">\n\t\t<p><label>Email* :<\/label><span class=\"wpcf7-form-control-wrap\" data-name=\"email\"><input size=\"40\" maxlength=\"400\" class=\"wpcf7-form-control wpcf7-email wpcf7-validates-as-required wpcf7-text wpcf7-validates-as-email\" aria-required=\"true\" aria-invalid=\"false\" value=\"\" type=\"email\" name=\"email\" \/><\/span>\n\t\t<\/p>\n\t<\/div>\n<\/div>\n<div class=\"row\">\n\t<div class=\"form-group\">\n\t\t<p><label>Subject* :<\/label><span class=\"wpcf7-form-control-wrap\" data-name=\"subject\"><input size=\"40\" maxlength=\"400\" class=\"wpcf7-form-control wpcf7-text wpcf7-validates-as-required\" aria-required=\"true\" aria-invalid=\"false\" value=\"\" type=\"text\" name=\"subject\" \/><\/span>\n\t\t<\/p>\n\t<\/div>\n<\/div>\n<div class=\"row\">\n\t<div class=\"form-group\">\n\t\t<p><label>Message* :<\/label><span class=\"wpcf7-form-control-wrap\" data-name=\"message\"><textarea cols=\"40\" rows=\"10\" maxlength=\"2000\" class=\"wpcf7-form-control wpcf7-textarea wpcf7-validates-as-required\" aria-required=\"true\" aria-invalid=\"false\" name=\"message\"><\/textarea><\/span>\n\t\t<\/p>\n\t<\/div>\n<\/div>\n<div class=\"row\">\n\t<div class=\"form-group\">\n\t\t<p><input class=\"wpcf7-form-control wpcf7-submit has-spinner btn btn-default btn-send\" type=\"submit\" value=\"Send\" \/>\n\t\t<\/p>\n\t<\/div>\n<\/div><div class=\"wpcf7-response-output\" aria-hidden=\"true\"><\/div>\n<\/form>\n<\/div>\n\t\t\t\t\t\t\t\t<\/div>\n\t\t\t\t<\/div>\n\t\t\t\t\t<\/div>\n\t\t<\/div>\n\t\t\t\t<div class=\"elementor-column elementor-col-50 elementor-inner-column elementor-element elementor-element-ef40bdf\" data-id=\"ef40bdf\" data-element_type=\"column\">\n\t\t\t<div class=\"elementor-widget-wrap elementor-element-populated\">\n\t\t\t\t\t\t<div class=\"elementor-element elementor-element-6e66623 elementor-widget elementor-widget-text-editor\" data-id=\"6e66623\" data-element_type=\"widget\" data-widget_type=\"text-editor.default\">\n\t\t\t\t<div class=\"elementor-widget-container\">\n\t\t\t\t\t\t\t\t\t<h4 class=\"font_5\"><strong>Bureau principal<\/strong><\/h4><p>77, Rue Omer-Deserres, suite 6B<br \/>Blainville (QC) \u00a0J7C 5N3, CANADA<\/p><p><a href=\"mailto:info@bioced.com?subject=Plus%20d%27information%20sur%20vos%20produits,%20svp\" target=\"_self\">info@bioced.com<\/a><br \/>Tel : 450-434-7512<br \/>Fax : 450-434-7515<\/p>\t\t\t\t\t\t\t\t<\/div>\n\t\t\t\t<\/div>\n\t\t\t\t<div class=\"elementor-element elementor-element-a03bf64 elementor-widget elementor-widget-text-editor\" data-id=\"a03bf64\" data-element_type=\"widget\" data-widget_type=\"text-editor.default\">\n\t\t\t\t<div class=\"elementor-widget-container\">\n\t\t\t\t\t\t\t\t\t<!-- Noptin Newsletter Plugin v4.1.3 - https:\/\/wordpress.org\/plugins\/newsletter-optin-box\/ --><div id=\"noptin-form-1__wrapper\" class=\"noptin-optin-main-wrapper noptin-form-id-764 noptin-inpost-main-wrapper\" aria-labelledby=\"noptin-form-1__title\" style=\"--noptin-background-color: #FFFFFF; --noptin-border-color: #FFFFFF; --noptin-button-color: #292929; --noptin-button-text-color: #FEFEFE; --noptin-title-color: #191919; --noptin-description-color: #666666; --noptin-prefix-color: #313131; --noptin-note-color: #607D8B;\" ><style>.noptin-form-id-764 .noptin-optin-form-wrapper *{}<\/style><div style=\"max-width:620px; min-height:280px;border-style: none; border-color: #FFFFFF; border-width: 0px; border-radius: 0px;\" class=\"noptin-optin-form-wrapper no-image\" ><!-- Form ID: 764 --><form id=\"noptin-form-1\" class=\"noptin-optin-form noptin-form-single-line noptin-label-hide noptin-form-1\" method=\"post\" novalidate >\t\t\t\t\t<div class=\"noptin-form-header no-image\">\n\t\t\t\t\t\t\t\t\t\t\t\t<div class=\"noptin-form-header-text\">\n\n\t\t\t\t\t\t\t\n\t\t\t\t\t\t\t\t\t\t\t\t\t\t\t<div style=\"color: #191919;font-size: 25px;font-weight: 700;line-height: 1.5;\" class=\"noptin-form-heading\">\n\t\t\t\t\t\t\t\t\tInt\u00e9ress\u00e9 \u00e0 recevoir des nouvelles de BIOCED ?<br>\nInscrivez-vous !\t\t\t\t\t\t\t\t<\/div>\n\t\t\t\t\t\t\t\n\t\t\t\t\t\t\t\n\t\t\t\t\t\t<\/div>\n\t\t\t\t\t\t\n\t\t\t\t\t\t\n\t\t\t\t\t<\/div>\n\t\t\t\t<div class=\"noptin-form-footer\"><div class=\"noptin-form-fields\">\t\t\t<div class=\"noptin-form-field-wrapper noptin-form-field-email noptin-optin-field-wrapper noptin-optin-field-email\" id=\"noptin-form-1__field-email--wrapper\" >\n\t\t<div class=\"noptin-field-email\">\n\t\t\t<label class=\"noptin-label\" for=\"noptin-form-1__field-email\">Adresse courriel<\/label>\n\t\t\t<input name=\"noptin_fields[email]\" id=\"noptin-form-1__field-email\" type=\"email\" class=\"noptin-text noptin-form-field noptin-form-field__email noptin-form-field__has-no-placeholder\" placeholder=\"Adresse courriel\" required \/>\n\n\t\t<\/div><\/div>\t\t\t<div class=\"noptin-form-field-wrapper noptin-form-field-submit noptin-optin-field-wrapper noptin-optin-field-submit\" >\n\t\t\n\t\t\t<input type=\"submit\" id=\"noptin-form-1__submit\" class=\"noptin-form-submit btn button btn-primary button-primary wp-element-button\" name=\"noptin-submit\" value=\"S&#039;inscrire\" style=\"background-color: #292929;color: #FEFEFE;\"  \/>\n\n\t\t<\/div><\/div>\t\t\t\t\t\t<div class=\"noptin-form-notice noptin-response\" role=\"alert\"><\/div>\n\t\t\t<\/div>\n\t\t\t<input type=\"hidden\" name=\"noptin_element_id\" value=\"1\" \/><input type=\"hidden\" name=\"source\" value=\"764\" \/><input type=\"hidden\" name=\"form_action\" value=\"subscribe\" \/><input type=\"hidden\" name=\"noptin-config\" value=\"vfuhJielXtgz9Lcf.mXmKzFcKzvqi7F9DqkQjDzNqS7gtVAx8oE6h9xSGfX5Z90p\" \/><input type=\"hidden\" name=\"noptin_form_id\" value=\"764\" \/><\/form><\/div><!-- \/Form ID: 764 --><\/div><!-- \/ Noptin Newsletter Plugin -->\t\t\t\t\t\t\t\t<\/div>\n\t\t\t\t<\/div>\n\t\t\t\t\t<\/div>\n\t\t<\/div>\n\t\t\t\t\t<\/div>\n\t\t<\/section>\n\t\t\t\t\t<\/div>\n\t\t<\/div>\n\t\t\t\t\t<\/div>\n\t\t<\/section>\n\t\t\t\t<\/div>\n\t\t","protected":false},"excerpt":{"rendered":"<p>CONTR\u00d4LE D\u2019ODEUR &amp; NETTOYAGE BIOKON C\u00c8DRE BLANC DU NORD &amp; BIOKON SAPIN BAUMIER DU NORD La gamme BIOKON a \u00e9t\u00e9 d\u00e9velopp\u00e9e pour \u00e9liminer les odeurs d\u00e9sagr\u00e9ables<span class=\"excerpt-hellip\"> [\u2026]<\/span><\/p>\n","protected":false},"author":1,"featured_media":0,"parent":0,"menu_order":0,"comment_status":"closed","ping_status":"closed","template":"","meta":{"footnotes":""},"class_list":["post-616","page","type-page","status-publish","hentry"],"_links":{"self":[{"href":"https:\/\/bioced.com\/fr\/wp-json\/wp\/v2\/pages\/616","targetHints":{"allow":["GET"]}}],"collection":[{"href":"https:\/\/bioced.com\/fr\/wp-json\/wp\/v2\/pages"}],"about":[{"href":"https:\/\/bioced.com\/fr\/wp-json\/wp\/v2\/types\/page"}],"author":[{"embeddable":true,"href":"https:\/\/bioced.com\/fr\/wp-json\/wp\/v2\/users\/1"}],"replies":[{"embeddable":true,"href":"https:\/\/bioced.com\/fr\/wp-json\/wp\/v2\/comments?post=616"}],"version-history":[{"count":10,"href":"https:\/\/bioced.com\/fr\/wp-json\/wp\/v2\/pages\/616\/revisions"}],"predecessor-version":[{"id":840,"href":"https:\/\/bioced.com\/fr\/wp-json\/wp\/v2\/pages\/616\/revisions\/840"}],"wp:attachment":[{"href":"https:\/\/bioced.com\/fr\/wp-json\/wp\/v2\/media?parent=616"}],"curies":[{"name":"wp","href":"https:\/\/api.w.org\/{rel}","templated":true}]}}